{"id":2,"date":"2024-02-19T16:47:37","date_gmt":"2024-02-19T15:47:37","guid":{"rendered":"http:\/\/cdillinger.co.uk\/?page_id=2"},"modified":"2024-02-20T10:39:16","modified_gmt":"2024-02-20T09:39:16","slug":"bienvenue","status":"publish","type":"page","link":"https:\/\/cdillinger.co.uk\/","title":{"rendered":"Bienvenue"},"content":{"rendered":"\n<p>Dans ces pages vous trouverez divers exemples de mon travail. Je suis un artiste pluri-disciplinaire, ce qui veut dire que je ne me suis pas confin\u00e9 \u00e0 une seule discipline, mais que je m&#8217;exprime au travers de diff\u00e9rents mediums, principalement la sculpture, la photographie et la s\u00e9rigraphie.<\/p>\n\n\n\n<p>Ceci-dit, j&#8217;ai pour habitude de modifier les techniques avec lesquelles je travaille. Une fois maitris\u00e9e, j&#8217;exp\u00e9rimente avec chaque discipline pour y incorporer des \u00e9l\u00e9ments \u00e9trangers, tels le hasard ou la non-r\u00e9p\u00e9tition.<\/p>\n\n\n\n<p>J&#8217;esp\u00e8re que les oeuvres pr\u00e9sent\u00e9es ici vous plairont. Certaines sont disponibles \u00e0 l&#8217;achat. Pour tout renseignement, utilisez le formulaire de contact.<\/p>\n\n\n\n<p>Merci de votre visite.<\/p>\n\n\n\n<blockquote class=\"wp-block-quote is-layout-flow wp-block-quote-is-layout-flow\">\n<p><\/p>\n<\/blockquote>\n\n\n\n<blockquote class=\"wp-block-quote is-layout-flow wp-block-quote-is-layout-flow\">\n<p><\/p>\n<\/blockquote>\n","protected":false},"excerpt":{"rendered":"<p>Dans ces pages vous trouverez divers exemples de mon travail. Je suis un artiste pluri-disciplinaire, ce qui veut dire que je ne me suis pas confin\u00e9 \u00e0 une seule discipline, mais que je m&#8217;exprime au travers de diff\u00e9rents mediums, principalement la sculpture, la photographie et la s\u00e9rigraphie. Ceci-dit, j&#8217;ai pour habitude de modifier les techniques [&hellip;]<\/p>\n","protected":false},"author":1,"featured_media":0,"parent":0,"menu_order":0,"comment_status":"closed","ping_status":"open","template":"","meta":{"pgc_sgb_lightbox_settings":"","footnotes":""},"class_list":["post-2","page","type-page","status-publish","hentry"],"jetpack_sharing_enabled":true,"_links":{"self":[{"href":"https:\/\/cdillinger.co.uk\/index.php\/wp-json\/wp\/v2\/pages\/2","targetHints":{"allow":["GET"]}}],"collection":[{"href":"https:\/\/cdillinger.co.uk\/index.php\/wp-json\/wp\/v2\/pages"}],"about":[{"href":"https:\/\/cdillinger.co.uk\/index.php\/wp-json\/wp\/v2\/types\/page"}],"author":[{"embeddable":true,"href":"https:\/\/cdillinger.co.uk\/index.php\/wp-json\/wp\/v2\/users\/1"}],"replies":[{"embeddable":true,"href":"https:\/\/cdillinger.co.uk\/index.php\/wp-json\/wp\/v2\/comments?post=2"}],"version-history":[{"count":4,"href":"https:\/\/cdillinger.co.uk\/index.php\/wp-json\/wp\/v2\/pages\/2\/revisions"}],"predecessor-version":[{"id":251,"href":"https:\/\/cdillinger.co.uk\/index.php\/wp-json\/wp\/v2\/pages\/2\/revisions\/251"}],"wp:attachment":[{"href":"https:\/\/cdillinger.co.uk\/index.php\/wp-json\/wp\/v2\/media?parent=2"}],"curies":[{"name":"wp","href":"https:\/\/api.w.org\/{rel}","templated":true}]}}