{"id":1734,"date":"2024-06-29T17:26:26","date_gmt":"2024-06-29T15:26:26","guid":{"rendered":"https:\/\/cdillinger.co.uk\/?page_id=1734"},"modified":"2024-06-29T17:44:13","modified_gmt":"2024-06-29T15:44:13","slug":"a-propos","status":"publish","type":"page","link":"https:\/\/cdillinger.co.uk\/index.php\/a-propos\/","title":{"rendered":"A Propos"},"content":{"rendered":"\n<p>Je suis bas\u00e9 en France, dans la Creuse. Apr\u00e8s avoir \u00e9t\u00e9 expos\u00e9 un peu partout dans le monde, je me suis d\u00e9tach\u00e9 des r\u00e9seaux des galeries pour me concentrer sur la cr\u00e9ation. Je n&#8217;expose plus que localement, mais je suis ouvert \u00e0 toute proposition. J&#8217;ai publi\u00e9 deux monographes, qui sont maintenant \u00e9puis\u00e9s.<\/p>\n\n\n\n<p>Curriculum Vitae<\/p>\n\n\n\n<p>PARCOURS ACADEMIQUE<br><br>Titulaire d&#8217;un MA in fine art de l&#8217;University of Wolverhampton, UK, 2011. <br>J&#8217;ai \u00e9t\u00e9 professeur invit\u00e9 \u00e0 l&#8217;University of Wolverhampton University en 2007, 2008 and 2011 ( Travaux pratiques de techniques exp\u00e9rimentales ).<\/p>\n\n\n\n<p><br>PUBLICATIONS<br><strong>Squarebook <\/strong>#1, #2, 2011 &#8211; 2013, Editions de Juillet, ISBN 978-2-9532545-7-0 (editor)<br><strong>Typewriter<\/strong>, 2010, ePug Publishing, ISBN 978-0-9562035-2-6<br><strong>Camera Visibilum<\/strong>, 2009, ePug Publishing, ISBN 978-0-9562035-0-2<br>Editor in Chief of <strong>Square Magazine<\/strong>, lanc\u00e9 le 15 Avril 2010. Square Magazine \u00e9t\u00e9 un magazine en ligne d\u00e9di\u00e9 \u00e0 la photographie au format carr\u00e9, maintenant arr\u00e9t\u00e9<br><strong>Plateforme Magazine<\/strong>, #5, #14. www.plateformag.com<br><strong>Carpaccio Magazine<\/strong>, #12. www.carpaccio.com<br>Accredit\u00e9 par le <strong>Arts Council England<\/strong>: \u201cGraves, beaches and shopping receipts\u201d solo show, Ludlow, UK, 2007.<br>\u201c<strong>Colloque interdisciplinaire: Les \u00e9tudes photographiques au carrefour des sciences humaines et sociales<\/strong>\u201d, (Symposium interdisciplinaire Europ\u00e9en : la photographie au carrefour des \u00e9tudes humaines et sociales), Rennes, FR. <br><br><\/p>\n\n\n\n<p>EXHIBITIONS ( liste courte ):<br>2010-11<\/p>\n\n\n\n<ul class=\"wp-block-list\">\n<li>MA Degree show, The Public, West Bromich, UK<\/li>\n\n\n\n<li>\u201cParallax art fair\u201d, Mayfair, London, UK<\/li>\n\n\n\n<li>\u201cSquare@Birmingham\u201d, \u201cSquare@Oxford\u201d \u201cSquare@Rennes\u201d( commissaire d&#8217;exposition pour le premier show de la tourn\u00e9e Square Magazine ), Birmingham, Oxford, UK, Rennes, FR<\/li>\n\n\n\n<li>S\u00e9lectionn\u00e9 pour le New Contemporaries 2011 award, UK<\/li>\n\n\n\n<li>\u201cWYSIWIGOTN: the story so far\u201d, Fotofilia gallery, Birmingham, UK<\/li>\n\n\n\n<li>\u201cArt in Mind\u201d, Brick Lane Gallery, London, UK<\/li>\n\n\n\n<li>\u201cAlchemists\u201d, Viewfinder Photography Gallery, London, UK<\/li>\n\n\n\n<li>\u201cSquare in Yono\u201d, Le Yono, Paris, FR (Grenoble show tour)<\/li>\n\n\n\n<li>\u201cJuried pinhole show\u201d ( Journ\u00e9e Internationale du st\u00e9nop\u00e9 ), Rayko Photo Center, San Francisco, USA<\/li>\n\n\n\n<li>\u201cVIIIth International Festival of Experimental Art\u201d, St Petersburg, RUS<\/li>\n\n\n\n<li>\u201cR\u00e9v\u00e9lation 4, Foire de Photographie Contemporaine\u201d, Paris, FR<br><br>2009<br><\/li>\n\n\n\n<li>\u201cSwirls (ink and structures)\u201d, Oakengates, UK<\/li>\n\n\n\n<li>\u201cTravaux photographiques\u201d, Gradignan, FR<\/li>\n\n\n\n<li>\u201c2nd juried plastic camera show\u201d, San Francisco, USA<\/li>\n\n\n\n<li>\u201cArt Vs Artists\u201d, Shrewsbury, UK<\/li>\n\n\n\n<li>\u201cSquare in Grenoble\u201d, Grenoble, FR ( en tant qu&#8217;artiste et commissaire d&#8217;exposition )<br><\/li>\n<\/ul>\n","protected":false},"excerpt":{"rendered":"<p>Je suis bas\u00e9 en France, dans la Creuse. Apr\u00e8s avoir \u00e9t\u00e9 expos\u00e9 un peu partout dans le monde, je me suis d\u00e9tach\u00e9 des r\u00e9seaux des galeries pour me concentrer sur la cr\u00e9ation. Je n&#8217;expose plus que localement, mais je suis ouvert \u00e0 toute proposition. J&#8217;ai publi\u00e9 deux monographes, qui sont maintenant \u00e9puis\u00e9s. Curriculum Vitae PARCOURS [&hellip;]<\/p>\n","protected":false},"author":1,"featured_media":0,"parent":0,"menu_order":0,"comment_status":"closed","ping_status":"closed","template":"","meta":{"pgc_sgb_lightbox_settings":"","footnotes":""},"class_list":["post-1734","page","type-page","status-publish","hentry"],"jetpack_sharing_enabled":true,"_links":{"self":[{"href":"https:\/\/cdillinger.co.uk\/index.php\/wp-json\/wp\/v2\/pages\/1734","targetHints":{"allow":["GET"]}}],"collection":[{"href":"https:\/\/cdillinger.co.uk\/index.php\/wp-json\/wp\/v2\/pages"}],"about":[{"href":"https:\/\/cdillinger.co.uk\/index.php\/wp-json\/wp\/v2\/types\/page"}],"author":[{"embeddable":true,"href":"https:\/\/cdillinger.co.uk\/index.php\/wp-json\/wp\/v2\/users\/1"}],"replies":[{"embeddable":true,"href":"https:\/\/cdillinger.co.uk\/index.php\/wp-json\/wp\/v2\/comments?post=1734"}],"version-history":[{"count":4,"href":"https:\/\/cdillinger.co.uk\/index.php\/wp-json\/wp\/v2\/pages\/1734\/revisions"}],"predecessor-version":[{"id":1746,"href":"https:\/\/cdillinger.co.uk\/index.php\/wp-json\/wp\/v2\/pages\/1734\/revisions\/1746"}],"wp:attachment":[{"href":"https:\/\/cdillinger.co.uk\/index.php\/wp-json\/wp\/v2\/media?parent=1734"}],"curies":[{"name":"wp","href":"https:\/\/api.w.org\/{rel}","templated":true}]}}